{"id":248,"date":"2022-12-05T15:07:53","date_gmt":"2022-12-05T12:07:53","guid":{"rendered":"https:\/\/vrsistem.com\/unalsan\/?page_id=248"},"modified":"2022-12-05T15:17:42","modified_gmt":"2022-12-05T12:17:42","slug":"patlacli-uniteler","status":"publish","type":"page","link":"https:\/\/vrsistem.com\/unalsan\/patlacli-uniteler\/","title":{"rendered":"Patla\u00e7l\u0131 \u00dcniteler"},"content":{"rendered":"","protected":false},"excerpt":{"rendered":"","protected":false},"author":1,"featured_media":0,"parent":0,"menu_order":0,"comment_status":"closed","ping_status":"closed","template":"","meta":{"footnotes":""},"class_list":["post-248","page","type-page","status-publish","hentry"],"_links":{"self":[{"href":"https:\/\/vrsistem.com\/unalsan\/wp-json\/wp\/v2\/pages\/248","targetHints":{"allow":["GET"]}}],"collection":[{"href":"https:\/\/vrsistem.com\/unalsan\/wp-json\/wp\/v2\/pages"}],"about":[{"href":"https:\/\/vrsistem.com\/unalsan\/wp-json\/wp\/v2\/types\/page"}],"author":[{"embeddable":true,"href":"https:\/\/vrsistem.com\/unalsan\/wp-json\/wp\/v2\/users\/1"}],"replies":[{"embeddable":true,"href":"https:\/\/vrsistem.com\/unalsan\/wp-json\/wp\/v2\/comments?post=248"}],"version-history":[{"count":1,"href":"https:\/\/vrsistem.com\/unalsan\/wp-json\/wp\/v2\/pages\/248\/revisions"}],"predecessor-version":[{"id":249,"href":"https:\/\/vrsistem.com\/unalsan\/wp-json\/wp\/v2\/pages\/248\/revisions\/249"}],"wp:attachment":[{"href":"https:\/\/vrsistem.com\/unalsan\/wp-json\/wp\/v2\/media?parent=248"}],"curies":[{"name":"wp","href":"https:\/\/api.w.org\/{rel}","templated":true}]}}